{"id":6149,"date":"2024-10-27T15:07:56","date_gmt":"2024-10-27T14:07:56","guid":{"rendered":"https:\/\/btm.sk\/WP\/?post_type=product&#038;p=6149"},"modified":"2025-03-11T09:10:41","modified_gmt":"2025-03-11T08:10:41","slug":"modlia-sa-zvieratka","status":"publish","type":"product","link":"https:\/\/btm.sk\/WP\/produkt\/modlia-sa-zvieratka\/","title":{"rendered":"Modlia sa zvieratk\u00e1?"},"content":{"rendered":"","protected":false},"excerpt":{"rendered":"<p>Modlia sa mal\u00e9 zvieratk\u00e1? Predstavujem si, \u010do by pred span\u00edm povedalo P\u00e1nu Bohu zasp\u00e1vaj\u00face ma\u010diatko, ove\u010dka, vt\u00e1\u010datko, rybka, \u017eabka alebo s\u0155\u0148atko. Povedia Mu nie\u010do podobn\u00e9 na\u0161e mal\u00e9 deti? Kocka pln\u00e1 ne\u017en\u00fdch ver\u0161ov Janky Nagajovej.<\/p>\n<p>Kocka sa d\u00e1 \u013eahko posklada\u0165, sta\u010d\u00ed ju vyl\u00fapnu\u0165, zlo\u017ei\u0165 a zalepi\u0165 na ozna\u010den\u00fdch miestach.<\/p>\n","protected":false},"featured_media":6131,"comment_status":"closed","ping_status":"closed","template":"","meta":[],"_links":{"self":[{"href":"https:\/\/btm.sk\/WP\/wp-json\/wp\/v2\/product\/6149"}],"collection":[{"href":"https:\/\/btm.sk\/WP\/wp-json\/wp\/v2\/product"}],"about":[{"href":"https:\/\/btm.sk\/WP\/wp-json\/wp\/v2\/types\/product"}],"replies":[{"embeddable":true,"href":"https:\/\/btm.sk\/WP\/wp-json\/wp\/v2\/comments?post=6149"}],"wp:featuredmedia":[{"embeddable":true,"href":"https:\/\/btm.sk\/WP\/wp-json\/wp\/v2\/media\/6131"}],"wp:attachment":[{"href":"https:\/\/btm.sk\/WP\/wp-json\/wp\/v2\/media?parent=6149"}],"curies":[{"name":"wp","href":"https:\/\/api.w.org\/{rel}","templated":true}]}}