{"id":6148,"date":"2024-10-27T15:04:42","date_gmt":"2024-10-27T14:04:42","guid":{"rendered":"https:\/\/btm.sk\/WP\/?post_type=product&#038;p=6148"},"modified":"2025-02-10T15:28:29","modified_gmt":"2025-02-10T14:28:29","slug":"emanuel","status":"publish","type":"product","link":"https:\/\/btm.sk\/WP\/produkt\/emanuel\/","title":{"rendered":"EMANUEL"},"content":{"rendered":"","protected":false},"excerpt":{"rendered":"<p>Ob\u013e\u00faben\u00e1 magnetka s biblick\u00fdm ver\u0161om z ev. Mat\u00fa\u0161a 1,23.<\/p>\n","protected":false},"featured_media":6130,"comment_status":"closed","ping_status":"closed","template":"","meta":[],"_links":{"self":[{"href":"https:\/\/btm.sk\/WP\/wp-json\/wp\/v2\/product\/6148"}],"collection":[{"href":"https:\/\/btm.sk\/WP\/wp-json\/wp\/v2\/product"}],"about":[{"href":"https:\/\/btm.sk\/WP\/wp-json\/wp\/v2\/types\/product"}],"replies":[{"embeddable":true,"href":"https:\/\/btm.sk\/WP\/wp-json\/wp\/v2\/comments?post=6148"}],"wp:featuredmedia":[{"embeddable":true,"href":"https:\/\/btm.sk\/WP\/wp-json\/wp\/v2\/media\/6130"}],"wp:attachment":[{"href":"https:\/\/btm.sk\/WP\/wp-json\/wp\/v2\/media?parent=6148"}],"curies":[{"name":"wp","href":"https:\/\/api.w.org\/{rel}","templated":true}]}}