{"id":6147,"date":"2024-10-27T15:03:31","date_gmt":"2024-10-27T14:03:31","guid":{"rendered":"https:\/\/btm.sk\/WP\/?post_type=product&#038;p=6147"},"modified":"2025-03-11T09:11:00","modified_gmt":"2025-03-11T08:11:00","slug":"good-night-dobru-noc","status":"publish","type":"product","link":"https:\/\/btm.sk\/WP\/produkt\/good-night-dobru-noc\/","title":{"rendered":"Good night! &#8211; Dobr\u00fa noc!"},"content":{"rendered":"","protected":false},"excerpt":{"rendered":"<p>Samolepky s biblick\u00fdm ver\u0161om zo \u017dalmu 4,9.<\/p>\n","protected":false},"featured_media":6129,"comment_status":"closed","ping_status":"closed","template":"","meta":[],"_links":{"self":[{"href":"https:\/\/btm.sk\/WP\/wp-json\/wp\/v2\/product\/6147"}],"collection":[{"href":"https:\/\/btm.sk\/WP\/wp-json\/wp\/v2\/product"}],"about":[{"href":"https:\/\/btm.sk\/WP\/wp-json\/wp\/v2\/types\/product"}],"replies":[{"embeddable":true,"href":"https:\/\/btm.sk\/WP\/wp-json\/wp\/v2\/comments?post=6147"}],"wp:featuredmedia":[{"embeddable":true,"href":"https:\/\/btm.sk\/WP\/wp-json\/wp\/v2\/media\/6129"}],"wp:attachment":[{"href":"https:\/\/btm.sk\/WP\/wp-json\/wp\/v2\/media?parent=6147"}],"curies":[{"name":"wp","href":"https:\/\/api.w.org\/{rel}","templated":true}]}}