{"id":6095,"date":"2024-10-06T13:27:32","date_gmt":"2024-10-06T11:27:32","guid":{"rendered":"https:\/\/btm.sk\/WP\/?post_type=product&#038;p=6095"},"modified":"2025-02-10T16:30:05","modified_gmt":"2025-02-10T15:30:05","slug":"utecha","status":"publish","type":"product","link":"https:\/\/btm.sk\/WP\/produkt\/utecha\/","title":{"rendered":"\u00fatecha&#8230;"},"content":{"rendered":"","protected":false},"excerpt":{"rendered":"<p>Kondolen\u010dn\u00e1 poh\u013eadnica s biblick\u00fdm ver\u0161om zo \u017dalmu 34,19 a kr\u00e1tkym textom o tom, \u017ee v \u0165a\u017ekej chv\u00edli \u017eivota je n\u00e1m najbli\u017e\u0161ie len BOH a ON jedin\u00fd dok\u00e1\u017ee upokoji\u0165 na\u0161e ubolen\u00e9 srdce&#8230;<\/p>\n","protected":false},"featured_media":6087,"comment_status":"closed","ping_status":"closed","template":"","meta":[],"_links":{"self":[{"href":"https:\/\/btm.sk\/WP\/wp-json\/wp\/v2\/product\/6095"}],"collection":[{"href":"https:\/\/btm.sk\/WP\/wp-json\/wp\/v2\/product"}],"about":[{"href":"https:\/\/btm.sk\/WP\/wp-json\/wp\/v2\/types\/product"}],"replies":[{"embeddable":true,"href":"https:\/\/btm.sk\/WP\/wp-json\/wp\/v2\/comments?post=6095"}],"wp:featuredmedia":[{"embeddable":true,"href":"https:\/\/btm.sk\/WP\/wp-json\/wp\/v2\/media\/6087"}],"wp:attachment":[{"href":"https:\/\/btm.sk\/WP\/wp-json\/wp\/v2\/media?parent=6095"}],"curies":[{"name":"wp","href":"https:\/\/api.w.org\/{rel}","templated":true}]}}