{"id":6093,"date":"2024-10-06T13:24:53","date_gmt":"2024-10-06T11:24:53","guid":{"rendered":"https:\/\/btm.sk\/WP\/?post_type=product&#038;p=6093"},"modified":"2025-02-10T15:15:37","modified_gmt":"2025-02-10T14:15:37","slug":"cas-medzi-dvomi-prichodmi-krista","status":"publish","type":"product","link":"https:\/\/btm.sk\/WP\/produkt\/cas-medzi-dvomi-prichodmi-krista\/","title":{"rendered":"\u010das medzi dvomi pr\u00edchodmi KRISTA"},"content":{"rendered":"","protected":false},"excerpt":{"rendered":"<p>\u010cas je vz\u00e1cna komodita, a preto by n\u00e1s to malo viac motivova\u0165 v\u00e1\u017ei\u0165 si ka\u017ed\u00fa<br \/>\nmin\u00fatu. Pre\u010do? Aby sme dobre vyu\u017eili \u010das na svoje najd\u00f4le\u017eitej\u0161ie rozhodnutie&#8230;.<\/p>\n","protected":false},"featured_media":6089,"comment_status":"closed","ping_status":"closed","template":"","meta":[],"_links":{"self":[{"href":"https:\/\/btm.sk\/WP\/wp-json\/wp\/v2\/product\/6093"}],"collection":[{"href":"https:\/\/btm.sk\/WP\/wp-json\/wp\/v2\/product"}],"about":[{"href":"https:\/\/btm.sk\/WP\/wp-json\/wp\/v2\/types\/product"}],"replies":[{"embeddable":true,"href":"https:\/\/btm.sk\/WP\/wp-json\/wp\/v2\/comments?post=6093"}],"wp:featuredmedia":[{"embeddable":true,"href":"https:\/\/btm.sk\/WP\/wp-json\/wp\/v2\/media\/6089"}],"wp:attachment":[{"href":"https:\/\/btm.sk\/WP\/wp-json\/wp\/v2\/media?parent=6093"}],"curies":[{"name":"wp","href":"https:\/\/api.w.org\/{rel}","templated":true}]}}