{"id":6049,"date":"2024-09-05T19:21:50","date_gmt":"2024-09-05T17:21:50","guid":{"rendered":"https:\/\/btm.sk\/WP\/?post_type=product&#038;p=6049"},"modified":"2024-10-06T13:02:42","modified_gmt":"2024-10-06T11:02:42","slug":"rozvrh-hodin-tatranske-rastliny-i-a-nepravidelne-anglicke-slovesa","status":"publish","type":"product","link":"https:\/\/btm.sk\/WP\/produkt\/rozvrh-hodin-tatranske-rastliny-i-a-nepravidelne-anglicke-slovesa\/","title":{"rendered":"rozvrh hod\u00edn &#8211; tatransk\u00e9 rastliny I. a nepravideln\u00e9 anglick\u00e9 sloves\u00e1"},"content":{"rendered":"","protected":false},"excerpt":{"rendered":"<p>Aktu\u00e1lny, ale napriek tomu univerz\u00e1lny, rozvrh hod\u00edn na \u0161kolsk\u00fd rok 2024\/25 s biblick\u00fdm ver\u0161om z listu Kolosensk\u00fdm 3,20 a anglick\u00fdmi nepravideln\u00fdmi slovesami.<\/p>\n","protected":false},"featured_media":6031,"comment_status":"closed","ping_status":"closed","template":"","meta":[],"_links":{"self":[{"href":"https:\/\/btm.sk\/WP\/wp-json\/wp\/v2\/product\/6049"}],"collection":[{"href":"https:\/\/btm.sk\/WP\/wp-json\/wp\/v2\/product"}],"about":[{"href":"https:\/\/btm.sk\/WP\/wp-json\/wp\/v2\/types\/product"}],"replies":[{"embeddable":true,"href":"https:\/\/btm.sk\/WP\/wp-json\/wp\/v2\/comments?post=6049"}],"wp:featuredmedia":[{"embeddable":true,"href":"https:\/\/btm.sk\/WP\/wp-json\/wp\/v2\/media\/6031"}],"wp:attachment":[{"href":"https:\/\/btm.sk\/WP\/wp-json\/wp\/v2\/media?parent=6049"}],"curies":[{"name":"wp","href":"https:\/\/api.w.org\/{rel}","templated":true}]}}