{"id":6048,"date":"2024-09-05T19:20:28","date_gmt":"2024-09-05T17:20:28","guid":{"rendered":"https:\/\/btm.sk\/WP\/?post_type=product&#038;p=6048"},"modified":"2025-02-10T16:30:22","modified_gmt":"2025-02-10T15:30:22","slug":"chcem-ist-za-tebou","status":"publish","type":"product","link":"https:\/\/btm.sk\/WP\/produkt\/chcem-ist-za-tebou\/","title":{"rendered":"chcem \u00eds\u0165 za TEBOU!"},"content":{"rendered":"","protected":false},"excerpt":{"rendered":"<p>Poh\u013eadnica s kr\u00e1tkou modlitbou a biblick\u00fdm ver\u0161om zo \u017dalmu 36,10.<\/p>\n","protected":false},"featured_media":6032,"comment_status":"closed","ping_status":"closed","template":"","meta":[],"_links":{"self":[{"href":"https:\/\/btm.sk\/WP\/wp-json\/wp\/v2\/product\/6048"}],"collection":[{"href":"https:\/\/btm.sk\/WP\/wp-json\/wp\/v2\/product"}],"about":[{"href":"https:\/\/btm.sk\/WP\/wp-json\/wp\/v2\/types\/product"}],"replies":[{"embeddable":true,"href":"https:\/\/btm.sk\/WP\/wp-json\/wp\/v2\/comments?post=6048"}],"wp:featuredmedia":[{"embeddable":true,"href":"https:\/\/btm.sk\/WP\/wp-json\/wp\/v2\/media\/6032"}],"wp:attachment":[{"href":"https:\/\/btm.sk\/WP\/wp-json\/wp\/v2\/media?parent=6048"}],"curies":[{"name":"wp","href":"https:\/\/api.w.org\/{rel}","templated":true}]}}