{"id":6047,"date":"2024-09-05T19:18:15","date_gmt":"2024-09-05T17:18:15","guid":{"rendered":"https:\/\/btm.sk\/WP\/?post_type=product&#038;p=6047"},"modified":"2025-02-10T16:30:36","modified_gmt":"2025-02-10T15:30:36","slug":"pevny-bod","status":"publish","type":"product","link":"https:\/\/btm.sk\/WP\/produkt\/pevny-bod\/","title":{"rendered":"pevn\u00fd bod&#8230;"},"content":{"rendered":"","protected":false},"excerpt":{"rendered":"<p>Ka\u017ed\u00fd z n\u00e1s ob\u010das prech\u00e1dza \u0165a\u017ek\u00fdmi \u017eivotn\u00fdmi situ\u00e1ciami. V tak\u00fdch chv\u00ed\u013each si uvedom\u00edme, \u010do je naozaj d\u00f4le\u017eit\u00e9 a \u010do nie, \u010d\u00edm si m\u00f4\u017eeme by\u0165 ist\u00ed a \u010d\u00edm nie, na koho sa m\u00f4\u017eeme spo\u013eahn\u00fa\u0165 a na koho nie&#8230; (poh\u013eadnica)<\/p>\n","protected":false},"featured_media":6034,"comment_status":"closed","ping_status":"closed","template":"","meta":[],"_links":{"self":[{"href":"https:\/\/btm.sk\/WP\/wp-json\/wp\/v2\/product\/6047"}],"collection":[{"href":"https:\/\/btm.sk\/WP\/wp-json\/wp\/v2\/product"}],"about":[{"href":"https:\/\/btm.sk\/WP\/wp-json\/wp\/v2\/types\/product"}],"replies":[{"embeddable":true,"href":"https:\/\/btm.sk\/WP\/wp-json\/wp\/v2\/comments?post=6047"}],"wp:featuredmedia":[{"embeddable":true,"href":"https:\/\/btm.sk\/WP\/wp-json\/wp\/v2\/media\/6034"}],"wp:attachment":[{"href":"https:\/\/btm.sk\/WP\/wp-json\/wp\/v2\/media?parent=6047"}],"curies":[{"name":"wp","href":"https:\/\/api.w.org\/{rel}","templated":true}]}}