{"id":5992,"date":"2024-06-11T13:33:02","date_gmt":"2024-06-11T11:33:02","guid":{"rendered":"https:\/\/btm.sk\/WP\/?post_type=product&#038;p=5992"},"modified":"2024-10-06T13:03:04","modified_gmt":"2024-10-06T11:03:04","slug":"bozie-zaslubenia","status":"publish","type":"product","link":"https:\/\/btm.sk\/WP\/produkt\/bozie-zaslubenia\/","title":{"rendered":"Bo\u017eie zas\u013e\u00fabenia"},"content":{"rendered":"","protected":false},"excerpt":{"rendered":"<p>Kocka pln\u00e1 Bo\u017e\u00edch zas\u013e\u00faben\u00ed. Kocka sa d\u00e1 jednoducho posklada\u0165 pod\u013ea n\u00e1vodu.<\/p>\n","protected":false},"featured_media":5982,"comment_status":"closed","ping_status":"closed","template":"","meta":[],"_links":{"self":[{"href":"https:\/\/btm.sk\/WP\/wp-json\/wp\/v2\/product\/5992"}],"collection":[{"href":"https:\/\/btm.sk\/WP\/wp-json\/wp\/v2\/product"}],"about":[{"href":"https:\/\/btm.sk\/WP\/wp-json\/wp\/v2\/types\/product"}],"replies":[{"embeddable":true,"href":"https:\/\/btm.sk\/WP\/wp-json\/wp\/v2\/comments?post=5992"}],"wp:featuredmedia":[{"embeddable":true,"href":"https:\/\/btm.sk\/WP\/wp-json\/wp\/v2\/media\/5982"}],"wp:attachment":[{"href":"https:\/\/btm.sk\/WP\/wp-json\/wp\/v2\/media?parent=5992"}],"curies":[{"name":"wp","href":"https:\/\/api.w.org\/{rel}","templated":true}]}}