{"id":5990,"date":"2024-06-11T13:28:17","date_gmt":"2024-06-11T11:28:17","guid":{"rendered":"https:\/\/btm.sk\/WP\/?post_type=product&#038;p=5990"},"modified":"2024-09-05T19:22:15","modified_gmt":"2024-09-05T17:22:15","slug":"tvoje-male-lampy","status":"publish","type":"product","link":"https:\/\/btm.sk\/WP\/produkt\/tvoje-male-lampy\/","title":{"rendered":"Tvoje mal\u00e9 lampy"},"content":{"rendered":"","protected":false},"excerpt":{"rendered":"<p>Ma\u013eovanka nielen na pr\u00e1zdniny s b\u00e1sni\u010dkou Janky Nagajovej a biblick\u00fdm ver\u0161om zo \u017dalmu 104,19.<\/p>\n","protected":false},"featured_media":5980,"comment_status":"closed","ping_status":"closed","template":"","meta":[],"_links":{"self":[{"href":"https:\/\/btm.sk\/WP\/wp-json\/wp\/v2\/product\/5990"}],"collection":[{"href":"https:\/\/btm.sk\/WP\/wp-json\/wp\/v2\/product"}],"about":[{"href":"https:\/\/btm.sk\/WP\/wp-json\/wp\/v2\/types\/product"}],"replies":[{"embeddable":true,"href":"https:\/\/btm.sk\/WP\/wp-json\/wp\/v2\/comments?post=5990"}],"wp:featuredmedia":[{"embeddable":true,"href":"https:\/\/btm.sk\/WP\/wp-json\/wp\/v2\/media\/5980"}],"wp:attachment":[{"href":"https:\/\/btm.sk\/WP\/wp-json\/wp\/v2\/media?parent=5990"}],"curies":[{"name":"wp","href":"https:\/\/api.w.org\/{rel}","templated":true}]}}