{"id":5941,"date":"2024-04-09T09:47:19","date_gmt":"2024-04-09T07:47:19","guid":{"rendered":"https:\/\/btm.sk\/WP\/?post_type=product&#038;p=5941"},"modified":"2025-02-10T15:14:39","modified_gmt":"2025-02-10T14:14:39","slug":"aka-si-mama","status":"publish","type":"product","link":"https:\/\/btm.sk\/WP\/produkt\/aka-si-mama\/","title":{"rendered":"Ak\u00e1 si mama?"},"content":{"rendered":"","protected":false},"excerpt":{"rendered":"<p>Ako \u010dasto hovor\u00edte svojim de\u0165om NIE? A pre\u010do? Lebo mamy hovoria svojim de\u0165om NIE niekedy iba tak, zo zvyku. Inokedy z vlastnej pohodlnosti a niekedy zo strachu. A niekedy iba preto, \u017ee ich poriadne nepo\u010d\u00favamea nevn\u00edmame ich potreby&#8230;<\/p>\n","protected":false},"featured_media":5938,"comment_status":"closed","ping_status":"closed","template":"","meta":[],"_links":{"self":[{"href":"https:\/\/btm.sk\/WP\/wp-json\/wp\/v2\/product\/5941"}],"collection":[{"href":"https:\/\/btm.sk\/WP\/wp-json\/wp\/v2\/product"}],"about":[{"href":"https:\/\/btm.sk\/WP\/wp-json\/wp\/v2\/types\/product"}],"replies":[{"embeddable":true,"href":"https:\/\/btm.sk\/WP\/wp-json\/wp\/v2\/comments?post=5941"}],"wp:featuredmedia":[{"embeddable":true,"href":"https:\/\/btm.sk\/WP\/wp-json\/wp\/v2\/media\/5938"}],"wp:attachment":[{"href":"https:\/\/btm.sk\/WP\/wp-json\/wp\/v2\/media?parent=5941"}],"curies":[{"name":"wp","href":"https:\/\/api.w.org\/{rel}","templated":true}]}}