{"id":5940,"date":"2024-04-09T09:45:19","date_gmt":"2024-04-09T07:45:19","guid":{"rendered":"https:\/\/btm.sk\/WP\/?post_type=product&#038;p=5940"},"modified":"2025-02-10T15:41:06","modified_gmt":"2025-02-10T14:41:06","slug":"mama-4","status":"publish","type":"product","link":"https:\/\/btm.sk\/WP\/produkt\/mama-4\/","title":{"rendered":"mama"},"content":{"rendered":"","protected":false},"excerpt":{"rendered":"<p>mama &#8211; je v \u017eivote v\u0161etk\u00fdm&#8230; Samolepky s cit\u00e1tom K. Gibrana.<\/p>\n","protected":false},"featured_media":5937,"comment_status":"closed","ping_status":"closed","template":"","meta":[],"_links":{"self":[{"href":"https:\/\/btm.sk\/WP\/wp-json\/wp\/v2\/product\/5940"}],"collection":[{"href":"https:\/\/btm.sk\/WP\/wp-json\/wp\/v2\/product"}],"about":[{"href":"https:\/\/btm.sk\/WP\/wp-json\/wp\/v2\/types\/product"}],"replies":[{"embeddable":true,"href":"https:\/\/btm.sk\/WP\/wp-json\/wp\/v2\/comments?post=5940"}],"wp:featuredmedia":[{"embeddable":true,"href":"https:\/\/btm.sk\/WP\/wp-json\/wp\/v2\/media\/5937"}],"wp:attachment":[{"href":"https:\/\/btm.sk\/WP\/wp-json\/wp\/v2\/media?parent=5940"}],"curies":[{"name":"wp","href":"https:\/\/api.w.org\/{rel}","templated":true}]}}