{"id":5931,"date":"2024-04-09T09:43:48","date_gmt":"2024-04-09T07:43:48","guid":{"rendered":"https:\/\/btm.sk\/WP\/?post_type=product&#038;p=5931"},"modified":"2025-01-24T15:02:37","modified_gmt":"2025-01-24T14:02:37","slug":"boh-ta-miluje-2","status":"publish","type":"product","link":"https:\/\/btm.sk\/WP\/produkt\/boh-ta-miluje-2\/","title":{"rendered":"BOH \u0165a miluje"},"content":{"rendered":"","protected":false},"excerpt":{"rendered":"<p>Minipoh\u013eadnica s biblick\u00fdm ver\u0161om z knihy Kazate\u013e 5,4 a kratu\u010dk\u00fdm zamyslen\u00edm.<\/p>\n","protected":false},"featured_media":5935,"comment_status":"closed","ping_status":"closed","template":"","meta":[],"_links":{"self":[{"href":"https:\/\/btm.sk\/WP\/wp-json\/wp\/v2\/product\/5931"}],"collection":[{"href":"https:\/\/btm.sk\/WP\/wp-json\/wp\/v2\/product"}],"about":[{"href":"https:\/\/btm.sk\/WP\/wp-json\/wp\/v2\/types\/product"}],"replies":[{"embeddable":true,"href":"https:\/\/btm.sk\/WP\/wp-json\/wp\/v2\/comments?post=5931"}],"wp:featuredmedia":[{"embeddable":true,"href":"https:\/\/btm.sk\/WP\/wp-json\/wp\/v2\/media\/5935"}],"wp:attachment":[{"href":"https:\/\/btm.sk\/WP\/wp-json\/wp\/v2\/media?parent=5931"}],"curies":[{"name":"wp","href":"https:\/\/api.w.org\/{rel}","templated":true}]}}