{"id":5893,"date":"2024-02-27T13:05:00","date_gmt":"2024-02-27T12:05:00","guid":{"rendered":"https:\/\/btm.sk\/WP\/?post_type=product&#038;p=5893"},"modified":"2025-04-19T12:44:24","modified_gmt":"2025-04-19T10:44:24","slug":"40-postnych-navrhov","status":"publish","type":"product","link":"https:\/\/btm.sk\/WP\/produkt\/40-postnych-navrhov\/","title":{"rendered":"40 p\u00f4stnych n\u00e1vrhov"},"content":{"rendered":"","protected":false},"excerpt":{"rendered":"<p>\u017divot nie je len o tom, \u010do dost\u00e1vame, ale aj o tom, \u010doho sme ochotn\u00ed sa vzda\u0165. Nie v\u0161etko, \u010do si doprajeme, je n\u00e1m na \u00fa\u017eitok. Vyberte si z tohto zoznamu aspo\u0148 nie\u010do&#8230; a nemus\u00ed to by\u0165 len pred Ve\u013ekou nocou&#8230;<\/p>\n","protected":false},"featured_media":5885,"comment_status":"closed","ping_status":"closed","template":"","meta":[],"_links":{"self":[{"href":"https:\/\/btm.sk\/WP\/wp-json\/wp\/v2\/product\/5893"}],"collection":[{"href":"https:\/\/btm.sk\/WP\/wp-json\/wp\/v2\/product"}],"about":[{"href":"https:\/\/btm.sk\/WP\/wp-json\/wp\/v2\/types\/product"}],"replies":[{"embeddable":true,"href":"https:\/\/btm.sk\/WP\/wp-json\/wp\/v2\/comments?post=5893"}],"wp:featuredmedia":[{"embeddable":true,"href":"https:\/\/btm.sk\/WP\/wp-json\/wp\/v2\/media\/5885"}],"wp:attachment":[{"href":"https:\/\/btm.sk\/WP\/wp-json\/wp\/v2\/media?parent=5893"}],"curies":[{"name":"wp","href":"https:\/\/api.w.org\/{rel}","templated":true}]}}