{"id":5891,"date":"2024-02-27T13:02:40","date_gmt":"2024-02-27T12:02:40","guid":{"rendered":"https:\/\/btm.sk\/WP\/?post_type=product&#038;p=5891"},"modified":"2024-10-06T13:03:31","modified_gmt":"2024-10-06T11:03:31","slug":"odvratena-strana-zivota","status":"publish","type":"product","link":"https:\/\/btm.sk\/WP\/produkt\/odvratena-strana-zivota\/","title":{"rendered":"odvr\u00e1ten\u00e1 strana \u017eivota"},"content":{"rendered":"","protected":false},"excerpt":{"rendered":"<p>Slovo CHARITA nesie v sebe latinsk\u00fd z\u00e1klad slova CHARIS &#8211; \u010do znamen\u00e1<br \/>\nMILOS\u0164 &#8211; MILOSRDENSTVO. CHARIS je z\u00e1kladnou doktr\u00ednou kres\u0165ansk\u00e9ho u\u010denia a znamen\u00e1 Bo\u017eie bezpodmiene\u010dn\u00e9 prijatie \u010dloveka v Kristovi &#8211; v akte jeho z\u00e1chrany pred \u00fapadkom a smr\u0165ou. Zo strany \u010dloveka sa \u017eiada iba VIERA&#8230; 20-stranov\u00e1 bro\u017e\u00farka (9 textov Biblie o postoji k biede a n\u00fadzi sveta) z novej ed\u00edcie KRISTOVE KONTRASTY.<\/p>\n<p>&nbsp;<\/p>\n","protected":false},"featured_media":5875,"comment_status":"closed","ping_status":"closed","template":"","meta":[],"_links":{"self":[{"href":"https:\/\/btm.sk\/WP\/wp-json\/wp\/v2\/product\/5891"}],"collection":[{"href":"https:\/\/btm.sk\/WP\/wp-json\/wp\/v2\/product"}],"about":[{"href":"https:\/\/btm.sk\/WP\/wp-json\/wp\/v2\/types\/product"}],"replies":[{"embeddable":true,"href":"https:\/\/btm.sk\/WP\/wp-json\/wp\/v2\/comments?post=5891"}],"wp:featuredmedia":[{"embeddable":true,"href":"https:\/\/btm.sk\/WP\/wp-json\/wp\/v2\/media\/5875"}],"wp:attachment":[{"href":"https:\/\/btm.sk\/WP\/wp-json\/wp\/v2\/media?parent=5891"}],"curies":[{"name":"wp","href":"https:\/\/api.w.org\/{rel}","templated":true}]}}