{"id":5890,"date":"2024-02-27T12:56:19","date_gmt":"2024-02-27T11:56:19","guid":{"rendered":"https:\/\/btm.sk\/WP\/?post_type=product&#038;p=5890"},"modified":"2025-02-10T15:41:16","modified_gmt":"2025-02-10T14:41:16","slug":"ovecka","status":"publish","type":"product","link":"https:\/\/btm.sk\/WP\/produkt\/ovecka\/","title":{"rendered":"ove\u010dka"},"content":{"rendered":"","protected":false},"excerpt":{"rendered":"<p>Samolepky s ove\u010dkami a biblick\u00fdmi ver\u0161ami z ev. J\u00e1na 10,4 a 11.<\/p>\n","protected":false},"featured_media":5884,"comment_status":"closed","ping_status":"closed","template":"","meta":[],"_links":{"self":[{"href":"https:\/\/btm.sk\/WP\/wp-json\/wp\/v2\/product\/5890"}],"collection":[{"href":"https:\/\/btm.sk\/WP\/wp-json\/wp\/v2\/product"}],"about":[{"href":"https:\/\/btm.sk\/WP\/wp-json\/wp\/v2\/types\/product"}],"replies":[{"embeddable":true,"href":"https:\/\/btm.sk\/WP\/wp-json\/wp\/v2\/comments?post=5890"}],"wp:featuredmedia":[{"embeddable":true,"href":"https:\/\/btm.sk\/WP\/wp-json\/wp\/v2\/media\/5884"}],"wp:attachment":[{"href":"https:\/\/btm.sk\/WP\/wp-json\/wp\/v2\/media?parent=5890"}],"curies":[{"name":"wp","href":"https:\/\/api.w.org\/{rel}","templated":true}]}}