{"id":5887,"date":"2024-02-27T12:50:27","date_gmt":"2024-02-27T11:50:27","guid":{"rendered":"https:\/\/btm.sk\/WP\/?post_type=product&#038;p=5887"},"modified":"2025-02-10T15:29:06","modified_gmt":"2025-02-10T14:29:06","slug":"trnova-koruna","status":"publish","type":"product","link":"https:\/\/btm.sk\/WP\/produkt\/trnova-koruna\/","title":{"rendered":"t\u0155\u0148ov\u00e1 koruna"},"content":{"rendered":"","protected":false},"excerpt":{"rendered":"<p>Magnetka s biblick\u00fdm ver\u0161om z 1. listu J\u00e1na 4,10.<\/p>\n","protected":false},"featured_media":5886,"comment_status":"closed","ping_status":"closed","template":"","meta":[],"_links":{"self":[{"href":"https:\/\/btm.sk\/WP\/wp-json\/wp\/v2\/product\/5887"}],"collection":[{"href":"https:\/\/btm.sk\/WP\/wp-json\/wp\/v2\/product"}],"about":[{"href":"https:\/\/btm.sk\/WP\/wp-json\/wp\/v2\/types\/product"}],"replies":[{"embeddable":true,"href":"https:\/\/btm.sk\/WP\/wp-json\/wp\/v2\/comments?post=5887"}],"wp:featuredmedia":[{"embeddable":true,"href":"https:\/\/btm.sk\/WP\/wp-json\/wp\/v2\/media\/5886"}],"wp:attachment":[{"href":"https:\/\/btm.sk\/WP\/wp-json\/wp\/v2\/media?parent=5887"}],"curies":[{"name":"wp","href":"https:\/\/api.w.org\/{rel}","templated":true}]}}