{"id":5844,"date":"2024-02-02T17:36:38","date_gmt":"2024-02-02T16:36:38","guid":{"rendered":"https:\/\/btm.sk\/WP\/?post_type=product&#038;p=5844"},"modified":"2025-02-10T15:18:46","modified_gmt":"2025-02-10T14:18:46","slug":"laska-davat-nielen-brat","status":"publish","type":"product","link":"https:\/\/btm.sk\/WP\/produkt\/laska-davat-nielen-brat\/","title":{"rendered":"L\u00c1SKA = d\u00e1va\u0165, nielen bra\u0165&#8230;"},"content":{"rendered":"","protected":false},"excerpt":{"rendered":"<p>Zamilova\u0165 sa je \u010dosi celkom in\u00e9, ako v l\u00e1ske \u017ei\u0165. A hoci to vyzer\u00e1 divne, l\u00e1ske sa mus\u00edme u\u010di\u0165&#8230; Milova\u0165 znamen\u00e1 nielen sa tomu druh\u00e9mu citovo odda\u0165, ale usilova\u0165 sa aj o citov\u00fd s\u00falad&#8230;<\/p>\n","protected":false},"featured_media":5835,"comment_status":"closed","ping_status":"closed","template":"","meta":[],"_links":{"self":[{"href":"https:\/\/btm.sk\/WP\/wp-json\/wp\/v2\/product\/5844"}],"collection":[{"href":"https:\/\/btm.sk\/WP\/wp-json\/wp\/v2\/product"}],"about":[{"href":"https:\/\/btm.sk\/WP\/wp-json\/wp\/v2\/types\/product"}],"replies":[{"embeddable":true,"href":"https:\/\/btm.sk\/WP\/wp-json\/wp\/v2\/comments?post=5844"}],"wp:featuredmedia":[{"embeddable":true,"href":"https:\/\/btm.sk\/WP\/wp-json\/wp\/v2\/media\/5835"}],"wp:attachment":[{"href":"https:\/\/btm.sk\/WP\/wp-json\/wp\/v2\/media?parent=5844"}],"curies":[{"name":"wp","href":"https:\/\/api.w.org\/{rel}","templated":true}]}}