{"id":5841,"date":"2024-02-02T17:32:03","date_gmt":"2024-02-02T16:32:03","guid":{"rendered":"https:\/\/btm.sk\/WP\/?post_type=product&#038;p=5841"},"modified":"2025-02-10T15:29:34","modified_gmt":"2025-02-10T14:29:34","slug":"sykorky","status":"publish","type":"product","link":"https:\/\/btm.sk\/WP\/produkt\/sykorky\/","title":{"rendered":"s\u00fdkorky"},"content":{"rendered":"","protected":false},"excerpt":{"rendered":"<p>Magnetka s biblick\u00fdm ver\u0161om z proroka Izai\u00e1\u0161a 9,5.<\/p>\n","protected":false},"featured_media":5838,"comment_status":"closed","ping_status":"closed","template":"","meta":[],"_links":{"self":[{"href":"https:\/\/btm.sk\/WP\/wp-json\/wp\/v2\/product\/5841"}],"collection":[{"href":"https:\/\/btm.sk\/WP\/wp-json\/wp\/v2\/product"}],"about":[{"href":"https:\/\/btm.sk\/WP\/wp-json\/wp\/v2\/types\/product"}],"replies":[{"embeddable":true,"href":"https:\/\/btm.sk\/WP\/wp-json\/wp\/v2\/comments?post=5841"}],"wp:featuredmedia":[{"embeddable":true,"href":"https:\/\/btm.sk\/WP\/wp-json\/wp\/v2\/media\/5838"}],"wp:attachment":[{"href":"https:\/\/btm.sk\/WP\/wp-json\/wp\/v2\/media?parent=5841"}],"curies":[{"name":"wp","href":"https:\/\/api.w.org\/{rel}","templated":true}]}}