{"id":5684,"date":"2023-11-01T20:56:09","date_gmt":"2023-11-01T19:56:09","guid":{"rendered":"https:\/\/btm.sk\/WP\/?post_type=product&#038;p=5684"},"modified":"2025-02-10T16:22:18","modified_gmt":"2025-02-10T15:22:18","slug":"dieta-jezis","status":"publish","type":"product","link":"https:\/\/btm.sk\/WP\/produkt\/dieta-jezis\/","title":{"rendered":"die\u0165a Je\u017ei\u0161"},"content":{"rendered":"","protected":false},"excerpt":{"rendered":"<p>Viano\u010dn\u00e1 poh\u013eadnica s kr\u00e1tkym textom o Je\u017ei\u0161ovi, ktor\u00fd s\u00edce pri\u0161iel na svet ako bezbrann\u00e9 die\u0165a, ale s mocou vyslobodi\u0165 \u010dloveka zotro\u010den\u00e9ho zlobou, z\u00e1vislos\u0165ami, bojmi, biedou&#8230; S biblick\u00fdmi ver\u0161ami z ev. Mat\u00fa\u0161a 1,21-23.<\/p>\n","protected":false},"featured_media":5660,"comment_status":"closed","ping_status":"closed","template":"","meta":[],"_links":{"self":[{"href":"https:\/\/btm.sk\/WP\/wp-json\/wp\/v2\/product\/5684"}],"collection":[{"href":"https:\/\/btm.sk\/WP\/wp-json\/wp\/v2\/product"}],"about":[{"href":"https:\/\/btm.sk\/WP\/wp-json\/wp\/v2\/types\/product"}],"replies":[{"embeddable":true,"href":"https:\/\/btm.sk\/WP\/wp-json\/wp\/v2\/comments?post=5684"}],"wp:featuredmedia":[{"embeddable":true,"href":"https:\/\/btm.sk\/WP\/wp-json\/wp\/v2\/media\/5660"}],"wp:attachment":[{"href":"https:\/\/btm.sk\/WP\/wp-json\/wp\/v2\/media?parent=5684"}],"curies":[{"name":"wp","href":"https:\/\/api.w.org\/{rel}","templated":true}]}}