{"id":5682,"date":"2023-11-01T20:49:55","date_gmt":"2023-11-01T19:49:55","guid":{"rendered":"https:\/\/btm.sk\/WP\/?post_type=product&#038;p=5682"},"modified":"2025-02-10T16:23:57","modified_gmt":"2025-02-10T15:23:57","slug":"bozia-neha","status":"publish","type":"product","link":"https:\/\/btm.sk\/WP\/produkt\/bozia-neha\/","title":{"rendered":"Bo\u017eia neha"},"content":{"rendered":"","protected":false},"excerpt":{"rendered":"<p>Viano\u010dn\u00e1 poh\u013eadnica s kr\u00e1tkym textom o tom, ako sa Boh rozhodol pritiahnu\u0165 k sebe \u010dloveka l\u00e1skou, aby ho mohol potom spasi\u0165. S biblick\u00fdm ver\u0161om z 2. listu Korinstsk\u00fdm 8,9.<\/p>\n","protected":false},"featured_media":5658,"comment_status":"closed","ping_status":"closed","template":"","meta":[],"_links":{"self":[{"href":"https:\/\/btm.sk\/WP\/wp-json\/wp\/v2\/product\/5682"}],"collection":[{"href":"https:\/\/btm.sk\/WP\/wp-json\/wp\/v2\/product"}],"about":[{"href":"https:\/\/btm.sk\/WP\/wp-json\/wp\/v2\/types\/product"}],"replies":[{"embeddable":true,"href":"https:\/\/btm.sk\/WP\/wp-json\/wp\/v2\/comments?post=5682"}],"wp:featuredmedia":[{"embeddable":true,"href":"https:\/\/btm.sk\/WP\/wp-json\/wp\/v2\/media\/5658"}],"wp:attachment":[{"href":"https:\/\/btm.sk\/WP\/wp-json\/wp\/v2\/media?parent=5682"}],"curies":[{"name":"wp","href":"https:\/\/api.w.org\/{rel}","templated":true}]}}