{"id":5681,"date":"2023-11-01T20:45:56","date_gmt":"2023-11-01T19:45:56","guid":{"rendered":"https:\/\/btm.sk\/WP\/?post_type=product&#038;p=5681"},"modified":"2025-02-10T16:24:10","modified_gmt":"2025-02-10T15:24:10","slug":"istota-a-nadej","status":"publish","type":"product","link":"https:\/\/btm.sk\/WP\/produkt\/istota-a-nadej\/","title":{"rendered":"istota a n\u00e1dej"},"content":{"rendered":"","protected":false},"excerpt":{"rendered":"<p>Viano\u010dn\u00e1 poh\u013eadnica s kr\u00e1tkym textom o n\u00e1deji, ktor\u00fa n\u00e1m Vianoce prin\u00e1\u0161aj\u00fa. S biblick\u00fdm ver\u0161om z 1. listu Timoteovi 4,10.<\/p>\n","protected":false},"featured_media":5657,"comment_status":"closed","ping_status":"closed","template":"","meta":[],"_links":{"self":[{"href":"https:\/\/btm.sk\/WP\/wp-json\/wp\/v2\/product\/5681"}],"collection":[{"href":"https:\/\/btm.sk\/WP\/wp-json\/wp\/v2\/product"}],"about":[{"href":"https:\/\/btm.sk\/WP\/wp-json\/wp\/v2\/types\/product"}],"replies":[{"embeddable":true,"href":"https:\/\/btm.sk\/WP\/wp-json\/wp\/v2\/comments?post=5681"}],"wp:featuredmedia":[{"embeddable":true,"href":"https:\/\/btm.sk\/WP\/wp-json\/wp\/v2\/media\/5657"}],"wp:attachment":[{"href":"https:\/\/btm.sk\/WP\/wp-json\/wp\/v2\/media?parent=5681"}],"curies":[{"name":"wp","href":"https:\/\/api.w.org\/{rel}","templated":true}]}}