{"id":5680,"date":"2023-11-01T20:42:30","date_gmt":"2023-11-01T19:42:30","guid":{"rendered":"https:\/\/btm.sk\/WP\/?post_type=product&#038;p=5680"},"modified":"2026-01-02T12:34:57","modified_gmt":"2026-01-02T11:34:57","slug":"uzamknute-tajomstvo","status":"publish","type":"product","link":"https:\/\/btm.sk\/WP\/produkt\/uzamknute-tajomstvo\/","title":{"rendered":"uzamknut\u00e9 tajomstvo"},"content":{"rendered":"","protected":false},"excerpt":{"rendered":"<p>\u013dudia v\u0161elijako argumentuj\u00fa na viano\u010dn\u00fa zves\u0165. Zd\u00e1 sa im nepochopite\u013en\u00e1, neskuto\u010dn\u00e1 a nelogick\u00e1. Viano\u010dn\u00e9 tajomstvo je toti\u017e oble\u010den\u00e9 do \u0161iat prostoty, jednoduchosti a neskuto\u010dn\u00e9ho z\u00e1zraku. A ten sa d\u00e1 pochopi\u0165 len vierou!<\/p>\n","protected":false},"featured_media":5664,"comment_status":"closed","ping_status":"closed","template":"","meta":[],"_links":{"self":[{"href":"https:\/\/btm.sk\/WP\/wp-json\/wp\/v2\/product\/5680"}],"collection":[{"href":"https:\/\/btm.sk\/WP\/wp-json\/wp\/v2\/product"}],"about":[{"href":"https:\/\/btm.sk\/WP\/wp-json\/wp\/v2\/types\/product"}],"replies":[{"embeddable":true,"href":"https:\/\/btm.sk\/WP\/wp-json\/wp\/v2\/comments?post=5680"}],"wp:featuredmedia":[{"embeddable":true,"href":"https:\/\/btm.sk\/WP\/wp-json\/wp\/v2\/media\/5664"}],"wp:attachment":[{"href":"https:\/\/btm.sk\/WP\/wp-json\/wp\/v2\/media?parent=5680"}],"curies":[{"name":"wp","href":"https:\/\/api.w.org\/{rel}","templated":true}]}}