{"id":5679,"date":"2023-11-01T20:40:17","date_gmt":"2023-11-01T19:40:17","guid":{"rendered":"https:\/\/btm.sk\/WP\/?post_type=product&#038;p=5679"},"modified":"2025-01-24T14:43:26","modified_gmt":"2025-01-24T13:43:26","slug":"cesta-do-betlehema","status":"publish","type":"product","link":"https:\/\/btm.sk\/WP\/produkt\/cesta-do-betlehema\/","title":{"rendered":"cesta do Betlehema"},"content":{"rendered":"","protected":false},"excerpt":{"rendered":"<p>Netradi\u010dn\u00e1 viano\u010dn\u00e1 kocka pre deti &#8211; s pr\u00edbehom vo ver\u0161och Janky Nagajovej. D\u00e1 sa \u013eahko posklada\u0165, sta\u010d\u00ed ju vyl\u00fapnu\u0165, posklada\u0165 a zalepi\u0165 na ozna\u010den\u00fdch miestach.<\/p>\n","protected":false},"featured_media":5700,"comment_status":"closed","ping_status":"closed","template":"","meta":[],"_links":{"self":[{"href":"https:\/\/btm.sk\/WP\/wp-json\/wp\/v2\/product\/5679"}],"collection":[{"href":"https:\/\/btm.sk\/WP\/wp-json\/wp\/v2\/product"}],"about":[{"href":"https:\/\/btm.sk\/WP\/wp-json\/wp\/v2\/types\/product"}],"replies":[{"embeddable":true,"href":"https:\/\/btm.sk\/WP\/wp-json\/wp\/v2\/comments?post=5679"}],"wp:featuredmedia":[{"embeddable":true,"href":"https:\/\/btm.sk\/WP\/wp-json\/wp\/v2\/media\/5700"}],"wp:attachment":[{"href":"https:\/\/btm.sk\/WP\/wp-json\/wp\/v2\/media?parent=5679"}],"curies":[{"name":"wp","href":"https:\/\/api.w.org\/{rel}","templated":true}]}}