{"id":5676,"date":"2023-11-01T20:33:19","date_gmt":"2023-11-01T19:33:19","guid":{"rendered":"https:\/\/btm.sk\/WP\/?post_type=product&#038;p=5676"},"modified":"2024-01-04T09:55:28","modified_gmt":"2024-01-04T08:55:28","slug":"traja-krali-v-betleheme","status":"publish","type":"product","link":"https:\/\/btm.sk\/WP\/produkt\/traja-krali-v-betleheme\/","title":{"rendered":"traja kr\u00e1li v Betleheme"},"content":{"rendered":"","protected":false},"excerpt":{"rendered":"<p>Jednoduch\u00e1 ma\u013eovanka s viano\u010dn\u00fdm pr\u00edbehom. (A6)<\/p>\n","protected":false},"featured_media":5666,"comment_status":"closed","ping_status":"closed","template":"","meta":[],"_links":{"self":[{"href":"https:\/\/btm.sk\/WP\/wp-json\/wp\/v2\/product\/5676"}],"collection":[{"href":"https:\/\/btm.sk\/WP\/wp-json\/wp\/v2\/product"}],"about":[{"href":"https:\/\/btm.sk\/WP\/wp-json\/wp\/v2\/types\/product"}],"replies":[{"embeddable":true,"href":"https:\/\/btm.sk\/WP\/wp-json\/wp\/v2\/comments?post=5676"}],"wp:featuredmedia":[{"embeddable":true,"href":"https:\/\/btm.sk\/WP\/wp-json\/wp\/v2\/media\/5666"}],"wp:attachment":[{"href":"https:\/\/btm.sk\/WP\/wp-json\/wp\/v2\/media?parent=5676"}],"curies":[{"name":"wp","href":"https:\/\/api.w.org\/{rel}","templated":true}]}}