{"id":5675,"date":"2023-11-01T20:31:30","date_gmt":"2023-11-01T19:31:30","guid":{"rendered":"https:\/\/btm.sk\/WP\/?post_type=product&#038;p=5675"},"modified":"2025-02-10T16:24:22","modified_gmt":"2025-02-10T15:24:22","slug":"pozehnanie-adventneho-venca","status":"publish","type":"product","link":"https:\/\/btm.sk\/WP\/produkt\/pozehnanie-adventneho-venca\/","title":{"rendered":"po\u017eehnanie adventn\u00e9ho venca"},"content":{"rendered":"","protected":false},"excerpt":{"rendered":"<p>Jednoduch\u00e1 poh\u013eadnica s kr\u00e1tkou adventnou modlitbou.<\/p>\n","protected":false},"featured_media":5665,"comment_status":"closed","ping_status":"closed","template":"","meta":[],"_links":{"self":[{"href":"https:\/\/btm.sk\/WP\/wp-json\/wp\/v2\/product\/5675"}],"collection":[{"href":"https:\/\/btm.sk\/WP\/wp-json\/wp\/v2\/product"}],"about":[{"href":"https:\/\/btm.sk\/WP\/wp-json\/wp\/v2\/types\/product"}],"replies":[{"embeddable":true,"href":"https:\/\/btm.sk\/WP\/wp-json\/wp\/v2\/comments?post=5675"}],"wp:featuredmedia":[{"embeddable":true,"href":"https:\/\/btm.sk\/WP\/wp-json\/wp\/v2\/media\/5665"}],"wp:attachment":[{"href":"https:\/\/btm.sk\/WP\/wp-json\/wp\/v2\/media?parent=5675"}],"curies":[{"name":"wp","href":"https:\/\/api.w.org\/{rel}","templated":true}]}}