{"id":5616,"date":"2023-10-11T09:04:31","date_gmt":"2023-10-11T07:04:31","guid":{"rendered":"https:\/\/btm.sk\/WP\/?post_type=product&#038;p=5616"},"modified":"2025-02-10T15:18:58","modified_gmt":"2025-02-10T14:18:58","slug":"jedinecny-boh-tvori-jedinecnych-ludi","status":"publish","type":"product","link":"https:\/\/btm.sk\/WP\/produkt\/jedinecny-boh-tvori-jedinecnych-ludi\/","title":{"rendered":"jedine\u010dn\u00fd BOH tvor\u00ed jedine\u010dn\u00fdch \u013eud\u00ed"},"content":{"rendered":"","protected":false},"excerpt":{"rendered":"<p>Bol si stvoren\u00fd ako ORIGIN\u00c1L \u2013 nechci by\u0165 iba K\u00d3PIOU niekoho in\u00e9ho! Jedine\u010dn\u00fd nie je iba origin\u00e1lny&#8230;<\/p>\n","protected":false},"featured_media":5560,"comment_status":"closed","ping_status":"closed","template":"","meta":[],"_links":{"self":[{"href":"https:\/\/btm.sk\/WP\/wp-json\/wp\/v2\/product\/5616"}],"collection":[{"href":"https:\/\/btm.sk\/WP\/wp-json\/wp\/v2\/product"}],"about":[{"href":"https:\/\/btm.sk\/WP\/wp-json\/wp\/v2\/types\/product"}],"replies":[{"embeddable":true,"href":"https:\/\/btm.sk\/WP\/wp-json\/wp\/v2\/comments?post=5616"}],"wp:featuredmedia":[{"embeddable":true,"href":"https:\/\/btm.sk\/WP\/wp-json\/wp\/v2\/media\/5560"}],"wp:attachment":[{"href":"https:\/\/btm.sk\/WP\/wp-json\/wp\/v2\/media?parent=5616"}],"curies":[{"name":"wp","href":"https:\/\/api.w.org\/{rel}","templated":true}]}}