{"id":5611,"date":"2023-10-11T08:50:12","date_gmt":"2023-10-11T06:50:12","guid":{"rendered":"https:\/\/btm.sk\/WP\/?post_type=product&#038;p=5611"},"modified":"2025-01-24T15:02:45","modified_gmt":"2025-01-24T14:02:45","slug":"neslubuj-nad-svoje-sily","status":"publish","type":"product","link":"https:\/\/btm.sk\/WP\/produkt\/neslubuj-nad-svoje-sily\/","title":{"rendered":"nes\u013eubuj nad svoje sily&#8230;"},"content":{"rendered":"","protected":false},"excerpt":{"rendered":"<p>Minipoh\u013eadnica s biblick\u00fdm ver\u0161om z Kazate\u013ea 5,4.<\/p>\n","protected":false},"featured_media":5562,"comment_status":"closed","ping_status":"closed","template":"","meta":[],"_links":{"self":[{"href":"https:\/\/btm.sk\/WP\/wp-json\/wp\/v2\/product\/5611"}],"collection":[{"href":"https:\/\/btm.sk\/WP\/wp-json\/wp\/v2\/product"}],"about":[{"href":"https:\/\/btm.sk\/WP\/wp-json\/wp\/v2\/types\/product"}],"replies":[{"embeddable":true,"href":"https:\/\/btm.sk\/WP\/wp-json\/wp\/v2\/comments?post=5611"}],"wp:featuredmedia":[{"embeddable":true,"href":"https:\/\/btm.sk\/WP\/wp-json\/wp\/v2\/media\/5562"}],"wp:attachment":[{"href":"https:\/\/btm.sk\/WP\/wp-json\/wp\/v2\/media?parent=5611"}],"curies":[{"name":"wp","href":"https:\/\/api.w.org\/{rel}","templated":true}]}}