{"id":5527,"date":"2023-08-31T13:32:28","date_gmt":"2023-08-31T11:32:28","guid":{"rendered":"https:\/\/btm.sk\/WP\/?post_type=product&#038;p=5527"},"modified":"2025-02-10T16:33:44","modified_gmt":"2025-02-10T15:33:44","slug":"otce-nas","status":"publish","type":"product","link":"https:\/\/btm.sk\/WP\/produkt\/otce-nas\/","title":{"rendered":"Ot\u010de n\u00e1\u0161&#8230;"},"content":{"rendered":"","protected":false},"excerpt":{"rendered":"<p>Nehovor Ot\u010de, ak sa nechce\u0161 spr\u00e1va\u0165 ako syn alebo dc\u00e9ra&#8230; a nehovor amen, ak slov\u00e1 svojho Boha neberie\u0161 naozaj v\u00e1\u017ene. Zamyslenie sa nad v\u00fdznamom ka\u017ed\u00e9ho slova modlitby OT\u010cEN\u00c1\u0160.<\/p>\n","protected":false},"featured_media":5512,"comment_status":"closed","ping_status":"closed","template":"","meta":[],"_links":{"self":[{"href":"https:\/\/btm.sk\/WP\/wp-json\/wp\/v2\/product\/5527"}],"collection":[{"href":"https:\/\/btm.sk\/WP\/wp-json\/wp\/v2\/product"}],"about":[{"href":"https:\/\/btm.sk\/WP\/wp-json\/wp\/v2\/types\/product"}],"replies":[{"embeddable":true,"href":"https:\/\/btm.sk\/WP\/wp-json\/wp\/v2\/comments?post=5527"}],"wp:featuredmedia":[{"embeddable":true,"href":"https:\/\/btm.sk\/WP\/wp-json\/wp\/v2\/media\/5512"}],"wp:attachment":[{"href":"https:\/\/btm.sk\/WP\/wp-json\/wp\/v2\/media?parent=5527"}],"curies":[{"name":"wp","href":"https:\/\/api.w.org\/{rel}","templated":true}]}}