{"id":5526,"date":"2023-08-31T13:30:11","date_gmt":"2023-08-31T11:30:11","guid":{"rendered":"https:\/\/btm.sk\/WP\/?post_type=product&#038;p=5526"},"modified":"2025-02-10T15:30:02","modified_gmt":"2025-02-10T14:30:02","slug":"tekvica","status":"publish","type":"product","link":"https:\/\/btm.sk\/WP\/produkt\/tekvica\/","title":{"rendered":"tekvica"},"content":{"rendered":"","protected":false},"excerpt":{"rendered":"<p>Ob\u013e\u00faben\u00e1 magnetka s biblick\u00fdm ver\u0161om z knihy Pr\u00edslov\u00ed 28,25.<\/p>\n","protected":false},"featured_media":5511,"comment_status":"closed","ping_status":"closed","template":"","meta":[],"_links":{"self":[{"href":"https:\/\/btm.sk\/WP\/wp-json\/wp\/v2\/product\/5526"}],"collection":[{"href":"https:\/\/btm.sk\/WP\/wp-json\/wp\/v2\/product"}],"about":[{"href":"https:\/\/btm.sk\/WP\/wp-json\/wp\/v2\/types\/product"}],"replies":[{"embeddable":true,"href":"https:\/\/btm.sk\/WP\/wp-json\/wp\/v2\/comments?post=5526"}],"wp:featuredmedia":[{"embeddable":true,"href":"https:\/\/btm.sk\/WP\/wp-json\/wp\/v2\/media\/5511"}],"wp:attachment":[{"href":"https:\/\/btm.sk\/WP\/wp-json\/wp\/v2\/media?parent=5526"}],"curies":[{"name":"wp","href":"https:\/\/api.w.org\/{rel}","templated":true}]}}