{"id":5468,"date":"2023-06-07T09:51:30","date_gmt":"2023-06-07T07:51:30","guid":{"rendered":"https:\/\/btm.sk\/WP\/?post_type=product&#038;p=5468"},"modified":"2025-02-10T16:33:55","modified_gmt":"2025-02-10T15:33:55","slug":"clovek-a-boh","status":"publish","type":"product","link":"https:\/\/btm.sk\/WP\/produkt\/clovek-a-boh\/","title":{"rendered":"\u010dlovek a Boh"},"content":{"rendered":"","protected":false},"excerpt":{"rendered":"<p>Poh\u013eadnica s biblick\u00fdmi ver\u0161ami z Izai\u00e1\u0161a 41,13 a 43,1 a \u00favahami o tom, \u010do si hovor\u00ed \u010dlovek a \u010do mu na to odpoved\u00e1 Boh.<\/p>\n","protected":false},"featured_media":5463,"comment_status":"closed","ping_status":"closed","template":"","meta":[],"_links":{"self":[{"href":"https:\/\/btm.sk\/WP\/wp-json\/wp\/v2\/product\/5468"}],"collection":[{"href":"https:\/\/btm.sk\/WP\/wp-json\/wp\/v2\/product"}],"about":[{"href":"https:\/\/btm.sk\/WP\/wp-json\/wp\/v2\/types\/product"}],"replies":[{"embeddable":true,"href":"https:\/\/btm.sk\/WP\/wp-json\/wp\/v2\/comments?post=5468"}],"wp:featuredmedia":[{"embeddable":true,"href":"https:\/\/btm.sk\/WP\/wp-json\/wp\/v2\/media\/5463"}],"wp:attachment":[{"href":"https:\/\/btm.sk\/WP\/wp-json\/wp\/v2\/media?parent=5468"}],"curies":[{"name":"wp","href":"https:\/\/api.w.org\/{rel}","templated":true}]}}