{"id":5467,"date":"2023-06-07T09:50:16","date_gmt":"2023-06-07T07:50:16","guid":{"rendered":"https:\/\/btm.sk\/WP\/?post_type=product&#038;p=5467"},"modified":"2025-02-10T16:34:10","modified_gmt":"2025-02-10T15:34:10","slug":"v-bozich-rukach-3","status":"publish","type":"product","link":"https:\/\/btm.sk\/WP\/produkt\/v-bozich-rukach-3\/","title":{"rendered":"v Bo\u017e\u00edch ruk\u00e1ch&#8230;"},"content":{"rendered":"","protected":false},"excerpt":{"rendered":"<p>Poh\u013eadnica &#8211; blaho\u017eelanie s kr\u00e1tkym textom a ver\u0161om z ev. Mat\u00fa\u0161a 28,20.<\/p>\n","protected":false},"featured_media":5458,"comment_status":"closed","ping_status":"closed","template":"","meta":[],"_links":{"self":[{"href":"https:\/\/btm.sk\/WP\/wp-json\/wp\/v2\/product\/5467"}],"collection":[{"href":"https:\/\/btm.sk\/WP\/wp-json\/wp\/v2\/product"}],"about":[{"href":"https:\/\/btm.sk\/WP\/wp-json\/wp\/v2\/types\/product"}],"replies":[{"embeddable":true,"href":"https:\/\/btm.sk\/WP\/wp-json\/wp\/v2\/comments?post=5467"}],"wp:featuredmedia":[{"embeddable":true,"href":"https:\/\/btm.sk\/WP\/wp-json\/wp\/v2\/media\/5458"}],"wp:attachment":[{"href":"https:\/\/btm.sk\/WP\/wp-json\/wp\/v2\/media?parent=5467"}],"curies":[{"name":"wp","href":"https:\/\/api.w.org\/{rel}","templated":true}]}}