{"id":5455,"date":"2023-06-07T09:43:35","date_gmt":"2023-06-07T07:43:35","guid":{"rendered":"https:\/\/btm.sk\/WP\/?post_type=product&#038;p=5455"},"modified":"2023-08-31T13:35:28","modified_gmt":"2023-08-31T11:35:28","slug":"jazdis-opatrne","status":"publish","type":"product","link":"https:\/\/btm.sk\/WP\/produkt\/jazdis-opatrne\/","title":{"rendered":"jazd\u00ed\u0161 opatrne?"},"content":{"rendered":"","protected":false},"excerpt":{"rendered":"<p>Kr\u00e1tky pr\u00edbeh a zamyslenie sa nad na\u0161\u00edm spr\u00e1van\u00edm&#8230;<\/p>\n","protected":false},"featured_media":5456,"comment_status":"closed","ping_status":"closed","template":"","meta":[],"_links":{"self":[{"href":"https:\/\/btm.sk\/WP\/wp-json\/wp\/v2\/product\/5455"}],"collection":[{"href":"https:\/\/btm.sk\/WP\/wp-json\/wp\/v2\/product"}],"about":[{"href":"https:\/\/btm.sk\/WP\/wp-json\/wp\/v2\/types\/product"}],"replies":[{"embeddable":true,"href":"https:\/\/btm.sk\/WP\/wp-json\/wp\/v2\/comments?post=5455"}],"wp:featuredmedia":[{"embeddable":true,"href":"https:\/\/btm.sk\/WP\/wp-json\/wp\/v2\/media\/5456"}],"wp:attachment":[{"href":"https:\/\/btm.sk\/WP\/wp-json\/wp\/v2\/media?parent=5455"}],"curies":[{"name":"wp","href":"https:\/\/api.w.org\/{rel}","templated":true}]}}