{"id":5414,"date":"2023-04-24T10:56:47","date_gmt":"2023-04-24T08:56:47","guid":{"rendered":"https:\/\/btm.sk\/WP\/?post_type=product&#038;p=5414"},"modified":"2025-02-10T16:19:28","modified_gmt":"2025-02-10T15:19:28","slug":"domov-2","status":"publish","type":"product","link":"https:\/\/btm.sk\/WP\/produkt\/domov-2\/","title":{"rendered":"domov"},"content":{"rendered":"","protected":false},"excerpt":{"rendered":"<p>To najlep\u0161ie, \u010do nap\u013a\u0148a a te\u0161\u00ed \u013eudsk\u00e9 srdce, je materinsk\u00e1 l\u00e1ska&#8230; Poh\u013eadnica ku D\u0148u matiek s cit\u00e1tom B. Auerbacha a cit\u00e1tom Ch. D\u017e\u00edbr\u00e1na.<\/p>\n","protected":false},"featured_media":5404,"comment_status":"closed","ping_status":"closed","template":"","meta":[],"_links":{"self":[{"href":"https:\/\/btm.sk\/WP\/wp-json\/wp\/v2\/product\/5414"}],"collection":[{"href":"https:\/\/btm.sk\/WP\/wp-json\/wp\/v2\/product"}],"about":[{"href":"https:\/\/btm.sk\/WP\/wp-json\/wp\/v2\/types\/product"}],"replies":[{"embeddable":true,"href":"https:\/\/btm.sk\/WP\/wp-json\/wp\/v2\/comments?post=5414"}],"wp:featuredmedia":[{"embeddable":true,"href":"https:\/\/btm.sk\/WP\/wp-json\/wp\/v2\/media\/5404"}],"wp:attachment":[{"href":"https:\/\/btm.sk\/WP\/wp-json\/wp\/v2\/media?parent=5414"}],"curies":[{"name":"wp","href":"https:\/\/api.w.org\/{rel}","templated":true}]}}