{"id":5412,"date":"2023-04-24T10:51:40","date_gmt":"2023-04-24T08:51:40","guid":{"rendered":"https:\/\/btm.sk\/WP\/?post_type=product&#038;p=5412"},"modified":"2025-02-10T15:14:55","modified_gmt":"2025-02-10T14:14:55","slug":"si-superzena","status":"publish","type":"product","link":"https:\/\/btm.sk\/WP\/produkt\/si-superzena\/","title":{"rendered":"Si super\u017eena?"},"content":{"rendered":"","protected":false},"excerpt":{"rendered":"<p>Mysl\u00edm si, \u017ee n\u00e1\u0161 ve\u013ek\u00fd probl\u00e9m je porovn\u00e1vanie! My \u017eeny n\u00edm ve\u013emi trp\u00edme a to sa potom odzrkad\u013euje aj v na\u0161ich vz\u0165ahoch&#8230; Bolo by pr\u00edli\u0161 smutn\u00e9, keby si svoj \u017eivot prem\u00e1rnila v ustavi\u010dnom strachu, \u010di rob\u00ed\u0161 veci spr\u00e1vne, \u010di ich rob\u00ed\u0161 tak, aby \u0165a ostatn\u00ed pot\u013eapkali po pleci a povedali: Si super \u017eena!<\/p>\n<p><strong>PZ &#8211; je nov\u00e1 ed\u00edcia ur\u010den\u00e1 \u017een\u00e1m<\/strong><\/p>\n","protected":false},"featured_media":5408,"comment_status":"closed","ping_status":"closed","template":"","meta":[],"_links":{"self":[{"href":"https:\/\/btm.sk\/WP\/wp-json\/wp\/v2\/product\/5412"}],"collection":[{"href":"https:\/\/btm.sk\/WP\/wp-json\/wp\/v2\/product"}],"about":[{"href":"https:\/\/btm.sk\/WP\/wp-json\/wp\/v2\/types\/product"}],"replies":[{"embeddable":true,"href":"https:\/\/btm.sk\/WP\/wp-json\/wp\/v2\/comments?post=5412"}],"wp:featuredmedia":[{"embeddable":true,"href":"https:\/\/btm.sk\/WP\/wp-json\/wp\/v2\/media\/5408"}],"wp:attachment":[{"href":"https:\/\/btm.sk\/WP\/wp-json\/wp\/v2\/media?parent=5412"}],"curies":[{"name":"wp","href":"https:\/\/api.w.org\/{rel}","templated":true}]}}