{"id":5411,"date":"2023-04-24T10:48:58","date_gmt":"2023-04-24T08:48:58","guid":{"rendered":"https:\/\/btm.sk\/WP\/?post_type=product&#038;p=5411"},"modified":"2025-02-10T16:34:22","modified_gmt":"2025-02-10T15:34:22","slug":"dobre-bozie-dary","status":"publish","type":"product","link":"https:\/\/btm.sk\/WP\/produkt\/dobre-bozie-dary\/","title":{"rendered":"dobr\u00e9 Bo\u017eie dary"},"content":{"rendered":"","protected":false},"excerpt":{"rendered":"<p>M\u00f4j vz\u00e1cny a sv\u00e4t\u00fd Bo\u017ee, ob\u010das v z\u00e1plave \u017eivota zab\u00fadam na to, kto si. Ob\u010das Ti hovor\u00edm, ako m\u00e1\u0161 rie\u0161i\u0165 moje probl\u00e9my&#8230; a a\u017e potom si uvedom\u00edm, s k\u00fdm hovor\u00edm&#8230; (poh\u013eadnica)<\/p>\n","protected":false},"featured_media":5405,"comment_status":"closed","ping_status":"closed","template":"","meta":[],"_links":{"self":[{"href":"https:\/\/btm.sk\/WP\/wp-json\/wp\/v2\/product\/5411"}],"collection":[{"href":"https:\/\/btm.sk\/WP\/wp-json\/wp\/v2\/product"}],"about":[{"href":"https:\/\/btm.sk\/WP\/wp-json\/wp\/v2\/types\/product"}],"replies":[{"embeddable":true,"href":"https:\/\/btm.sk\/WP\/wp-json\/wp\/v2\/comments?post=5411"}],"wp:featuredmedia":[{"embeddable":true,"href":"https:\/\/btm.sk\/WP\/wp-json\/wp\/v2\/media\/5405"}],"wp:attachment":[{"href":"https:\/\/btm.sk\/WP\/wp-json\/wp\/v2\/media?parent=5411"}],"curies":[{"name":"wp","href":"https:\/\/api.w.org\/{rel}","templated":true}]}}