{"id":5359,"date":"2023-03-14T11:50:39","date_gmt":"2023-03-14T10:50:39","guid":{"rendered":"https:\/\/btm.sk\/WP\/?post_type=product&#038;p=5359"},"modified":"2023-04-24T10:42:15","modified_gmt":"2023-04-24T08:42:15","slug":"dotknut-sa-boha-v-jezisovi-2","status":"publish","type":"product","link":"https:\/\/btm.sk\/WP\/produkt\/dotknut-sa-boha-v-jezisovi-2\/","title":{"rendered":"dotkn\u00fa\u0165 sa Boha v Je\u017ei\u0161ovi"},"content":{"rendered":"","protected":false},"excerpt":{"rendered":"<p class=\"western\"><span style=\"font-family: Arial, sans-serif;\"><span style=\"font-size: medium;\">Ke\u010f sa s niek\u00fdm stretneme, pozdrav\u00edme ho a oby\u010dajne povieme: \u201eDobr\u00fd de\u0148!\u201c P\u00e1n Je\u017ei\u0161 pozdravil svojich u\u010den\u00edkov inak, povedal: \u201ePokoj v\u00e1m!\u201c, ke\u010f sa im zjavil po svojom vzkriesen\u00ed vo ve\u010deradle. Pozdravil ich takto viackr\u00e1t, aby si uvedomili, ak\u00fd vz\u00e1cny dar im prin\u00e1\u0161a. Tento ve\u013ekono\u010dn\u00fd dar \u2013 POKOJ \u2013 priniesol P\u00e1n Je\u017ei\u0161 Kristus aj n\u00e1m, dne\u0161n\u00fdm \u013eu\u010fom, a vlastne aj cel\u00e9mu dne\u0161n\u00e9mu svetu.<\/span><\/span><\/p>\n","protected":false},"featured_media":5356,"comment_status":"closed","ping_status":"closed","template":"","meta":[],"_links":{"self":[{"href":"https:\/\/btm.sk\/WP\/wp-json\/wp\/v2\/product\/5359"}],"collection":[{"href":"https:\/\/btm.sk\/WP\/wp-json\/wp\/v2\/product"}],"about":[{"href":"https:\/\/btm.sk\/WP\/wp-json\/wp\/v2\/types\/product"}],"replies":[{"embeddable":true,"href":"https:\/\/btm.sk\/WP\/wp-json\/wp\/v2\/comments?post=5359"}],"wp:featuredmedia":[{"embeddable":true,"href":"https:\/\/btm.sk\/WP\/wp-json\/wp\/v2\/media\/5356"}],"wp:attachment":[{"href":"https:\/\/btm.sk\/WP\/wp-json\/wp\/v2\/media?parent=5359"}],"curies":[{"name":"wp","href":"https:\/\/api.w.org\/{rel}","templated":true}]}}