{"id":5358,"date":"2023-03-14T11:47:58","date_gmt":"2023-03-14T10:47:58","guid":{"rendered":"https:\/\/btm.sk\/WP\/?post_type=product&#038;p=5358"},"modified":"2023-06-07T09:52:04","modified_gmt":"2023-06-07T07:52:04","slug":"vtacik-a-dieta","status":"publish","type":"product","link":"https:\/\/btm.sk\/WP\/produkt\/vtacik-a-dieta\/","title":{"rendered":"vt\u00e1\u010dik a die\u0165a"},"content":{"rendered":"","protected":false},"excerpt":{"rendered":"<p>Jednoduch\u00e1 jarn\u00e1 ma\u013eovanka pre deti s b\u00e1sni\u010dkou Janky Nagajovej a biblick\u00fdm ver\u0161om zo \u017ealmu 96,1. Vyfarben\u00fdm obr\u00e1zkom si m\u00f4\u017eu deti vyzdobi\u0165 svoju izbi\u010dku aleho ho niekomu darova\u0165.<\/p>\n","protected":false},"featured_media":5352,"comment_status":"closed","ping_status":"closed","template":"","meta":[],"_links":{"self":[{"href":"https:\/\/btm.sk\/WP\/wp-json\/wp\/v2\/product\/5358"}],"collection":[{"href":"https:\/\/btm.sk\/WP\/wp-json\/wp\/v2\/product"}],"about":[{"href":"https:\/\/btm.sk\/WP\/wp-json\/wp\/v2\/types\/product"}],"replies":[{"embeddable":true,"href":"https:\/\/btm.sk\/WP\/wp-json\/wp\/v2\/comments?post=5358"}],"wp:featuredmedia":[{"embeddable":true,"href":"https:\/\/btm.sk\/WP\/wp-json\/wp\/v2\/media\/5352"}],"wp:attachment":[{"href":"https:\/\/btm.sk\/WP\/wp-json\/wp\/v2\/media?parent=5358"}],"curies":[{"name":"wp","href":"https:\/\/api.w.org\/{rel}","templated":true}]}}