{"id":5357,"date":"2023-03-14T11:46:20","date_gmt":"2023-03-14T10:46:20","guid":{"rendered":"https:\/\/btm.sk\/WP\/?post_type=product&#038;p=5357"},"modified":"2025-02-10T16:34:45","modified_gmt":"2025-02-10T15:34:45","slug":"ty-si-moj-otec","status":"publish","type":"product","link":"https:\/\/btm.sk\/WP\/produkt\/ty-si-moj-otec\/","title":{"rendered":"TY si m\u00f4j OTEC"},"content":{"rendered":"","protected":false},"excerpt":{"rendered":"<p>Blaho\u017eelanie s aforizmom Pavla Kosorina a kr\u00e1tkou modlitbou o odovzdan\u00ed sa cel\u00e9ho \u010dloveka Bohu.<\/p>\n","protected":false},"featured_media":5355,"comment_status":"closed","ping_status":"closed","template":"","meta":[],"_links":{"self":[{"href":"https:\/\/btm.sk\/WP\/wp-json\/wp\/v2\/product\/5357"}],"collection":[{"href":"https:\/\/btm.sk\/WP\/wp-json\/wp\/v2\/product"}],"about":[{"href":"https:\/\/btm.sk\/WP\/wp-json\/wp\/v2\/types\/product"}],"replies":[{"embeddable":true,"href":"https:\/\/btm.sk\/WP\/wp-json\/wp\/v2\/comments?post=5357"}],"wp:featuredmedia":[{"embeddable":true,"href":"https:\/\/btm.sk\/WP\/wp-json\/wp\/v2\/media\/5355"}],"wp:attachment":[{"href":"https:\/\/btm.sk\/WP\/wp-json\/wp\/v2\/media?parent=5357"}],"curies":[{"name":"wp","href":"https:\/\/api.w.org\/{rel}","templated":true}]}}