{"id":5347,"date":"2023-03-14T11:44:35","date_gmt":"2023-03-14T10:44:35","guid":{"rendered":"https:\/\/btm.sk\/WP\/?post_type=product&#038;p=5347"},"modified":"2025-02-10T15:25:02","modified_gmt":"2025-02-10T14:25:02","slug":"nebezpecny-svet","status":"publish","type":"product","link":"https:\/\/btm.sk\/WP\/produkt\/nebezpecny-svet\/","title":{"rendered":"nebezpe\u010dn\u00fd svet"},"content":{"rendered":"","protected":false},"excerpt":{"rendered":"<p>Je to metafora o extr\u00e9mnej posadnutosti svojou osobou, zjavom, hodnotou. My sme v\u0161ak v Bo\u017eej \u0161kole &#8211; v \u0161kole premeny n\u00e1\u0161ho sebastredn\u00e9ho zamerania sa len na svoje vlastn\u00e9 dobro&#8230;<\/p>\n","protected":false},"featured_media":5348,"comment_status":"closed","ping_status":"closed","template":"","meta":[],"_links":{"self":[{"href":"https:\/\/btm.sk\/WP\/wp-json\/wp\/v2\/product\/5347"}],"collection":[{"href":"https:\/\/btm.sk\/WP\/wp-json\/wp\/v2\/product"}],"about":[{"href":"https:\/\/btm.sk\/WP\/wp-json\/wp\/v2\/types\/product"}],"replies":[{"embeddable":true,"href":"https:\/\/btm.sk\/WP\/wp-json\/wp\/v2\/comments?post=5347"}],"wp:featuredmedia":[{"embeddable":true,"href":"https:\/\/btm.sk\/WP\/wp-json\/wp\/v2\/media\/5348"}],"wp:attachment":[{"href":"https:\/\/btm.sk\/WP\/wp-json\/wp\/v2\/media?parent=5347"}],"curies":[{"name":"wp","href":"https:\/\/api.w.org\/{rel}","templated":true}]}}