{"id":5317,"date":"2023-01-27T11:56:34","date_gmt":"2023-01-27T10:56:34","guid":{"rendered":"https:\/\/btm.sk\/WP\/?post_type=product&#038;p=5317"},"modified":"2025-02-10T16:35:01","modified_gmt":"2025-02-10T15:35:01","slug":"mam-ta-rad","status":"publish","type":"product","link":"https:\/\/btm.sk\/WP\/produkt\/mam-ta-rad\/","title":{"rendered":"M\u00e1m \u0165a r\u00e1d&#8230;"},"content":{"rendered":"","protected":false},"excerpt":{"rendered":"<p>Svadobn\u00e9 blaho\u017eelanie s b\u00e1s\u0148ou Janky Nagajovej a biblick\u00fdm ver\u0161om z Ve\u013epiesne 8,6-7.<\/p>\n","protected":false},"featured_media":5310,"comment_status":"closed","ping_status":"closed","template":"","meta":[],"_links":{"self":[{"href":"https:\/\/btm.sk\/WP\/wp-json\/wp\/v2\/product\/5317"}],"collection":[{"href":"https:\/\/btm.sk\/WP\/wp-json\/wp\/v2\/product"}],"about":[{"href":"https:\/\/btm.sk\/WP\/wp-json\/wp\/v2\/types\/product"}],"replies":[{"embeddable":true,"href":"https:\/\/btm.sk\/WP\/wp-json\/wp\/v2\/comments?post=5317"}],"wp:featuredmedia":[{"embeddable":true,"href":"https:\/\/btm.sk\/WP\/wp-json\/wp\/v2\/media\/5310"}],"wp:attachment":[{"href":"https:\/\/btm.sk\/WP\/wp-json\/wp\/v2\/media?parent=5317"}],"curies":[{"name":"wp","href":"https:\/\/api.w.org\/{rel}","templated":true}]}}