{"id":5316,"date":"2023-01-27T11:55:16","date_gmt":"2023-01-27T10:55:16","guid":{"rendered":"https:\/\/btm.sk\/WP\/?post_type=product&#038;p=5316"},"modified":"2025-02-10T15:21:24","modified_gmt":"2025-02-10T14:21:24","slug":"manzelstvo-je-maraton-vo-dvojici","status":"publish","type":"product","link":"https:\/\/btm.sk\/WP\/produkt\/manzelstvo-je-maraton-vo-dvojici\/","title":{"rendered":"man\u017eelstvo je marat\u00f3n vo dvojici"},"content":{"rendered":"","protected":false},"excerpt":{"rendered":"<p>Marat\u00f3n je beh na dlh\u00fa tra\u0165. Rovnako je to aj s man\u017eelstvom, za\u010d\u00edna sa prvou \u010das\u0165ou, plnou romantiky a \u201eslepej\u201c o\u010daruj\u00facej za\u013e\u00fabenosti. Vtedy nach\u00e1dza \u010dlovek za\u013e\u00fabenie vo v\u0161etkom, \u010do vid\u00ed na tom druhom&#8230;<\/p>\n","protected":false},"featured_media":5308,"comment_status":"closed","ping_status":"closed","template":"","meta":[],"_links":{"self":[{"href":"https:\/\/btm.sk\/WP\/wp-json\/wp\/v2\/product\/5316"}],"collection":[{"href":"https:\/\/btm.sk\/WP\/wp-json\/wp\/v2\/product"}],"about":[{"href":"https:\/\/btm.sk\/WP\/wp-json\/wp\/v2\/types\/product"}],"replies":[{"embeddable":true,"href":"https:\/\/btm.sk\/WP\/wp-json\/wp\/v2\/comments?post=5316"}],"wp:featuredmedia":[{"embeddable":true,"href":"https:\/\/btm.sk\/WP\/wp-json\/wp\/v2\/media\/5308"}],"wp:attachment":[{"href":"https:\/\/btm.sk\/WP\/wp-json\/wp\/v2\/media?parent=5316"}],"curies":[{"name":"wp","href":"https:\/\/api.w.org\/{rel}","templated":true}]}}