{"id":5314,"date":"2023-01-27T11:52:13","date_gmt":"2023-01-27T10:52:13","guid":{"rendered":"https:\/\/btm.sk\/WP\/?post_type=product&#038;p=5314"},"modified":"2025-02-10T15:25:31","modified_gmt":"2025-02-10T14:25:31","slug":"hladam","status":"publish","type":"product","link":"https:\/\/btm.sk\/WP\/produkt\/hladam\/","title":{"rendered":"h\u013ead\u00e1m&#8230;"},"content":{"rendered":"","protected":false},"excerpt":{"rendered":"<p>Jednoduch\u00e1 pr\u00edru\u010dka do \u017eivota &#8211; Kde n\u00e1jdem pomoc, ke\u010f som unaven\u00fd, zlyh\u00e1m, m\u00e1m starosti, strach, \u010di h\u013ead\u00e1m istotu, pokoj&#8230; (poh\u013eadnica)<\/p>\n","protected":false},"featured_media":5311,"comment_status":"closed","ping_status":"closed","template":"","meta":[],"_links":{"self":[{"href":"https:\/\/btm.sk\/WP\/wp-json\/wp\/v2\/product\/5314"}],"collection":[{"href":"https:\/\/btm.sk\/WP\/wp-json\/wp\/v2\/product"}],"about":[{"href":"https:\/\/btm.sk\/WP\/wp-json\/wp\/v2\/types\/product"}],"replies":[{"embeddable":true,"href":"https:\/\/btm.sk\/WP\/wp-json\/wp\/v2\/comments?post=5314"}],"wp:featuredmedia":[{"embeddable":true,"href":"https:\/\/btm.sk\/WP\/wp-json\/wp\/v2\/media\/5311"}],"wp:attachment":[{"href":"https:\/\/btm.sk\/WP\/wp-json\/wp\/v2\/media?parent=5314"}],"curies":[{"name":"wp","href":"https:\/\/api.w.org\/{rel}","templated":true}]}}