{"id":5305,"date":"2023-01-27T11:48:44","date_gmt":"2023-01-27T10:48:44","guid":{"rendered":"https:\/\/btm.sk\/WP\/?post_type=product&#038;p=5305"},"modified":"2025-02-10T15:30:36","modified_gmt":"2025-02-10T14:30:36","slug":"laska-je","status":"publish","type":"product","link":"https:\/\/btm.sk\/WP\/produkt\/laska-je\/","title":{"rendered":"l\u00e1ska je&#8230;"},"content":{"rendered":"","protected":false},"excerpt":{"rendered":"<p>Magnetka s biblick\u00fdm ver\u0161om z 1. listu Korintsk\u00fdm 12,4-13.<\/p>\n","protected":false},"featured_media":5309,"comment_status":"closed","ping_status":"closed","template":"","meta":[],"_links":{"self":[{"href":"https:\/\/btm.sk\/WP\/wp-json\/wp\/v2\/product\/5305"}],"collection":[{"href":"https:\/\/btm.sk\/WP\/wp-json\/wp\/v2\/product"}],"about":[{"href":"https:\/\/btm.sk\/WP\/wp-json\/wp\/v2\/types\/product"}],"replies":[{"embeddable":true,"href":"https:\/\/btm.sk\/WP\/wp-json\/wp\/v2\/comments?post=5305"}],"wp:featuredmedia":[{"embeddable":true,"href":"https:\/\/btm.sk\/WP\/wp-json\/wp\/v2\/media\/5309"}],"wp:attachment":[{"href":"https:\/\/btm.sk\/WP\/wp-json\/wp\/v2\/media?parent=5305"}],"curies":[{"name":"wp","href":"https:\/\/api.w.org\/{rel}","templated":true}]}}