{"id":5151,"date":"2022-11-02T15:39:51","date_gmt":"2022-11-02T14:39:51","guid":{"rendered":"https:\/\/btm.sk\/WP\/?post_type=product&#038;p=5151"},"modified":"2025-02-10T16:24:36","modified_gmt":"2025-02-10T15:24:36","slug":"bozie-umysly","status":"publish","type":"product","link":"https:\/\/btm.sk\/WP\/produkt\/bozie-umysly\/","title":{"rendered":"Bo\u017eie \u00famysly&#8230;"},"content":{"rendered":"","protected":false},"excerpt":{"rendered":"<p>Viano\u010dn\u00e1 poh\u013eadnica s kr\u00e1tkym textom a biblick\u00fdm ver\u0161om z Jeremi\u00e1\u0161a 29,11.<\/p>\n","protected":false},"featured_media":5116,"comment_status":"closed","ping_status":"closed","template":"","meta":[],"_links":{"self":[{"href":"https:\/\/btm.sk\/WP\/wp-json\/wp\/v2\/product\/5151"}],"collection":[{"href":"https:\/\/btm.sk\/WP\/wp-json\/wp\/v2\/product"}],"about":[{"href":"https:\/\/btm.sk\/WP\/wp-json\/wp\/v2\/types\/product"}],"replies":[{"embeddable":true,"href":"https:\/\/btm.sk\/WP\/wp-json\/wp\/v2\/comments?post=5151"}],"wp:featuredmedia":[{"embeddable":true,"href":"https:\/\/btm.sk\/WP\/wp-json\/wp\/v2\/media\/5116"}],"wp:attachment":[{"href":"https:\/\/btm.sk\/WP\/wp-json\/wp\/v2\/media?parent=5151"}],"curies":[{"name":"wp","href":"https:\/\/api.w.org\/{rel}","templated":true}]}}