{"id":5150,"date":"2022-11-02T15:38:54","date_gmt":"2022-11-02T14:38:54","guid":{"rendered":"https:\/\/btm.sk\/WP\/?post_type=product&#038;p=5150"},"modified":"2025-02-10T16:24:45","modified_gmt":"2025-02-10T15:24:45","slug":"priprava-srdca","status":"publish","type":"product","link":"https:\/\/btm.sk\/WP\/produkt\/priprava-srdca\/","title":{"rendered":"pr\u00edprava srdca&#8230;"},"content":{"rendered":"","protected":false},"excerpt":{"rendered":"<p>Viano\u010dn\u00e1 poh\u013eadnica s kr\u00e1tkym textom a biblick\u00fdm ver\u0161om z 1. listu Korintsk\u00fdm 2,12.<\/p>\n","protected":false},"featured_media":5117,"comment_status":"closed","ping_status":"closed","template":"","meta":[],"_links":{"self":[{"href":"https:\/\/btm.sk\/WP\/wp-json\/wp\/v2\/product\/5150"}],"collection":[{"href":"https:\/\/btm.sk\/WP\/wp-json\/wp\/v2\/product"}],"about":[{"href":"https:\/\/btm.sk\/WP\/wp-json\/wp\/v2\/types\/product"}],"replies":[{"embeddable":true,"href":"https:\/\/btm.sk\/WP\/wp-json\/wp\/v2\/comments?post=5150"}],"wp:featuredmedia":[{"embeddable":true,"href":"https:\/\/btm.sk\/WP\/wp-json\/wp\/v2\/media\/5117"}],"wp:attachment":[{"href":"https:\/\/btm.sk\/WP\/wp-json\/wp\/v2\/media?parent=5150"}],"curies":[{"name":"wp","href":"https:\/\/api.w.org\/{rel}","templated":true}]}}