{"id":5149,"date":"2022-11-02T15:37:39","date_gmt":"2022-11-02T14:37:39","guid":{"rendered":"https:\/\/btm.sk\/WP\/?post_type=product&#038;p=5149"},"modified":"2025-02-10T16:24:57","modified_gmt":"2025-02-10T15:24:57","slug":"cesta-k-svetlu","status":"publish","type":"product","link":"https:\/\/btm.sk\/WP\/produkt\/cesta-k-svetlu\/","title":{"rendered":"cesta k svetlu"},"content":{"rendered":"","protected":false},"excerpt":{"rendered":"<p>Viano\u010dn\u00e1 poh\u013eadnica s kr\u00e1tkym textom a biblick\u00fdmi ver\u0161ami zo \u017dalmu 40,17-18.<\/p>\n","protected":false},"featured_media":5118,"comment_status":"closed","ping_status":"closed","template":"","meta":[],"_links":{"self":[{"href":"https:\/\/btm.sk\/WP\/wp-json\/wp\/v2\/product\/5149"}],"collection":[{"href":"https:\/\/btm.sk\/WP\/wp-json\/wp\/v2\/product"}],"about":[{"href":"https:\/\/btm.sk\/WP\/wp-json\/wp\/v2\/types\/product"}],"replies":[{"embeddable":true,"href":"https:\/\/btm.sk\/WP\/wp-json\/wp\/v2\/comments?post=5149"}],"wp:featuredmedia":[{"embeddable":true,"href":"https:\/\/btm.sk\/WP\/wp-json\/wp\/v2\/media\/5118"}],"wp:attachment":[{"href":"https:\/\/btm.sk\/WP\/wp-json\/wp\/v2\/media?parent=5149"}],"curies":[{"name":"wp","href":"https:\/\/api.w.org\/{rel}","templated":true}]}}