{"id":5148,"date":"2022-11-02T15:36:29","date_gmt":"2022-11-02T14:36:29","guid":{"rendered":"https:\/\/btm.sk\/WP\/?post_type=product&#038;p=5148"},"modified":"2025-02-10T16:25:09","modified_gmt":"2025-02-10T15:25:09","slug":"jedinecne-vianoce","status":"publish","type":"product","link":"https:\/\/btm.sk\/WP\/produkt\/jedinecne-vianoce\/","title":{"rendered":"jedine\u010dn\u00e9 Vianoce"},"content":{"rendered":"","protected":false},"excerpt":{"rendered":"<p>Viano\u010dn\u00e1 poh\u013eadnica s kr\u00e1tkym textom a biblick\u00fdm ver\u0161om z 1. listu J\u00e1na 3,1.<\/p>\n","protected":false},"featured_media":5119,"comment_status":"closed","ping_status":"closed","template":"","meta":[],"_links":{"self":[{"href":"https:\/\/btm.sk\/WP\/wp-json\/wp\/v2\/product\/5148"}],"collection":[{"href":"https:\/\/btm.sk\/WP\/wp-json\/wp\/v2\/product"}],"about":[{"href":"https:\/\/btm.sk\/WP\/wp-json\/wp\/v2\/types\/product"}],"replies":[{"embeddable":true,"href":"https:\/\/btm.sk\/WP\/wp-json\/wp\/v2\/comments?post=5148"}],"wp:featuredmedia":[{"embeddable":true,"href":"https:\/\/btm.sk\/WP\/wp-json\/wp\/v2\/media\/5119"}],"wp:attachment":[{"href":"https:\/\/btm.sk\/WP\/wp-json\/wp\/v2\/media?parent=5148"}],"curies":[{"name":"wp","href":"https:\/\/api.w.org\/{rel}","templated":true}]}}