{"id":5147,"date":"2022-11-02T15:35:13","date_gmt":"2022-11-02T14:35:13","guid":{"rendered":"https:\/\/btm.sk\/WP\/?post_type=product&#038;p=5147"},"modified":"2025-02-10T16:25:20","modified_gmt":"2025-02-10T15:25:20","slug":"boh-dieta","status":"publish","type":"product","link":"https:\/\/btm.sk\/WP\/produkt\/boh-dieta\/","title":{"rendered":"BOH &#8211; die\u0165a"},"content":{"rendered":"","protected":false},"excerpt":{"rendered":"<p>Viano\u010dn\u00e1 poh\u013eadnica s kr\u00e1tkym textom a biblick\u00fdm ver\u0161om z Izai\u00e1\u0161a 9,5.<\/p>\n","protected":false},"featured_media":5120,"comment_status":"closed","ping_status":"closed","template":"","meta":[],"_links":{"self":[{"href":"https:\/\/btm.sk\/WP\/wp-json\/wp\/v2\/product\/5147"}],"collection":[{"href":"https:\/\/btm.sk\/WP\/wp-json\/wp\/v2\/product"}],"about":[{"href":"https:\/\/btm.sk\/WP\/wp-json\/wp\/v2\/types\/product"}],"replies":[{"embeddable":true,"href":"https:\/\/btm.sk\/WP\/wp-json\/wp\/v2\/comments?post=5147"}],"wp:featuredmedia":[{"embeddable":true,"href":"https:\/\/btm.sk\/WP\/wp-json\/wp\/v2\/media\/5120"}],"wp:attachment":[{"href":"https:\/\/btm.sk\/WP\/wp-json\/wp\/v2\/media?parent=5147"}],"curies":[{"name":"wp","href":"https:\/\/api.w.org\/{rel}","templated":true}]}}