{"id":5144,"date":"2022-11-02T15:27:41","date_gmt":"2022-11-02T14:27:41","guid":{"rendered":"https:\/\/btm.sk\/WP\/?post_type=product&#038;p=5144"},"modified":"2022-12-30T14:22:13","modified_gmt":"2022-12-30T13:22:13","slug":"vianocne-hviezdy-vyfarbi-a-vystrihni-10","status":"publish","type":"product","link":"https:\/\/btm.sk\/WP\/produkt\/vianocne-hviezdy-vyfarbi-a-vystrihni-10\/","title":{"rendered":"viano\u010dn\u00e9 hviezdy &#8211; vyfarbi a vystrihni 10"},"content":{"rendered":"","protected":false},"excerpt":{"rendered":"<p>Ma\u013eovanka. Hviezdy po vyma\u013eovan\u00ed treba vystrihn\u00fa\u0165, prepichn\u00fa\u0165 ihlou a navliec\u0165 na \u0161n\u00farku a zavesi\u0165 na strom\u010dek, kon\u00e1rik vo v\u00e1ze, alebo prilepi\u0165 na \u0161paj\u013eu a zapichn\u00fa\u0165 do kvetin\u00e1\u010da \u010di viano\u010dn\u00e9ho aran\u017em\u00e1nu a pod. (ve\u013ekos\u0165 A5)<\/p>\n","protected":false},"featured_media":5132,"comment_status":"closed","ping_status":"closed","template":"","meta":[],"_links":{"self":[{"href":"https:\/\/btm.sk\/WP\/wp-json\/wp\/v2\/product\/5144"}],"collection":[{"href":"https:\/\/btm.sk\/WP\/wp-json\/wp\/v2\/product"}],"about":[{"href":"https:\/\/btm.sk\/WP\/wp-json\/wp\/v2\/types\/product"}],"replies":[{"embeddable":true,"href":"https:\/\/btm.sk\/WP\/wp-json\/wp\/v2\/comments?post=5144"}],"wp:featuredmedia":[{"embeddable":true,"href":"https:\/\/btm.sk\/WP\/wp-json\/wp\/v2\/media\/5132"}],"wp:attachment":[{"href":"https:\/\/btm.sk\/WP\/wp-json\/wp\/v2\/media?parent=5144"}],"curies":[{"name":"wp","href":"https:\/\/api.w.org\/{rel}","templated":true}]}}